{"id":604,"date":"2019-06-05T18:03:22","date_gmt":"2019-06-05T16:03:22","guid":{"rendered":"http:\/\/tortonda.es\/?page_id=604"},"modified":"2020-06-08T20:01:01","modified_gmt":"2020-06-08T18:01:01","slug":"personajes-ilustres-benito","status":"publish","type":"page","link":"https:\/\/www.tortonda.es\/?page_id=604","title":{"rendered":"Personajes Ilustres \u00abBenito\u00bb"},"content":{"rendered":"<p>[et_pb_section fb_built=\u00bb1&#8243; _builder_version=\u00bb3.22.3&#8243;][et_pb_row _builder_version=\u00bb3.22.7&#8243; background_size=\u00bbinitial\u00bb background_position=\u00bbtop_left\u00bb background_repeat=\u00bbrepeat\u00bb][et_pb_column type=\u00bb4_4&#8243; _builder_version=\u00bb3.0.47&#8243;][et_pb_text _builder_version=\u00bb3.22.7&#8243; text_font=\u00bbGeorgia||||||||\u00bb text_font_size=\u00bb15px\u00bb z_index_tablet=\u00bb500&#8243; inline_fonts=\u00bbGeorgia,Kreon\u00bb]<\/p>\n<h2 style=\"text-align: center;\">\u00a0<\/h2>\n<h2 style=\"text-align: center;\"><span style=\"font-size: x-large; color: #ff9900;\"><strong><span style=\"font-family: Kreon;\">\u00abBENITO MAIN CABANILLAS\u00bb<\/span><\/strong><\/span><\/h2>\n<p style=\"text-align: center;\"><span style=\"font-family: Georgia; font-weight: normal;\"><strong>El oficio de herrero es uno de esos que ya casi no quedan. El avance de la tecnolog\u00eda lo ha relegado a un lugar secundario, casi de entretenimiento. Pero todav\u00eda hay artistas, genios de la forja, con aut\u00e9nticas obras maestras. Ese es Benito Ma\u00edn\u00a0 Cabanillas de Tortonda, una pedan\u00eda de Alcolea del Pinar donde el protagonista pasa los veranos con su familia.<\/strong><\/span><\/p>\n<p style=\"text-align: center;\"><span style=\"font-family: Georgia; font-weight: normal;\"><strong>Es nacido en Humanes de Mohernando \u00a0pero vive en Barcelona donde conoc\u00ed su trabajo y tengo que decir que me impresiono lo suficiente como para llamarle para pedirle permiso para fotografiar sus obras, para una posterior \u00a0publicaci\u00f3n de ellas en \u00a0mi otro blog el cual tengo m\u00e1s activo que est\u00e9, pues su contenido es una miscel\u00e1nea \u00a0de temas que me interesan y comparto.<\/strong><\/span><\/p>\n<p style=\"text-align: center;\"><span style=\"font-family: Georgia; font-weight: normal;\"><strong>Os dejo las im\u00e1genes de su trabajo, las obras \u00a1son impresionantes! en su conjunto, pero la que m\u00e1s me impacto fue una reproducci\u00f3n de una yunta de mulas de su Guadalajara natal con todos los detalles que te puedas imaginar. Desde un pa\u00f1uelo para secarse el sudor tras el arduo trabajo que graciosamente porta el agricultor hasta un peque\u00f1a alforja colgando de \u00a0los lomos de las mulas, con su chorizo y agua (que en aquel entonces seguramente era vino) y unas preciosas albarcas que me \u00a1Encantaron! <\/strong><\/span><\/p>\n<p>[\/et_pb_text][\/et_pb_column][\/et_pb_row][et_pb_row custom_padding=\u00bb18px||22px|||\u00bb custom_margin=\u00bb|auto|19px|auto||\u00bb _builder_version=\u00bb3.22.7&#8243; background_size=\u00bbinitial\u00bb background_position=\u00bbtop_left\u00bb background_repeat=\u00bbrepeat\u00bb][et_pb_column type=\u00bb1_2&#8243; _builder_version=\u00bb3.0.47&#8243;][et_pb_image src=\u00bbhttps:\/\/www.tortonda.es\/wp-content\/uploads\/2017\/01\/post5-669&#215;272.jpg\u00bb _builder_version=\u00bb3.22.7&#8243; custom_padding=\u00bb||1px|||\u00bb z_index_tablet=\u00bb500&#8243;]<br \/>\n[\/et_pb_image][\/et_pb_column][et_pb_column type=\u00bb1_2&#8243; _builder_version=\u00bb3.0.47&#8243;][et_pb_image src=\u00bbhttps:\/\/www.tortonda.es\/wp-content\/uploads\/2017\/01\/post2-669&#215;272.jpg\u00bb _builder_version=\u00bb3.22.7&#8243; z_index_tablet=\u00bb500&#8243;][\/et_pb_image][\/et_pb_column][\/et_pb_row][et_pb_row _builder_version=\u00bb3.22.7&#8243;][et_pb_column type=\u00bb4_4&#8243; _builder_version=\u00bb3.0.47&#8243;][et_pb_gallery gallery_ids=\u00bb747,746,743,745&#8243; _builder_version=\u00bb3.22.7&#8243; z_index_tablet=\u00bb500&#8243;][\/et_pb_gallery][et_pb_text _builder_version=\u00bb3.22.7&#8243; text_font=\u00bb||||||||\u00bb ul_font=\u00bb||||||||\u00bb min_height=\u00bb43px\u00bb custom_margin=\u00bb-1px|||||\u00bb custom_padding=\u00bb||4px|||\u00bb]<\/p>\n<h1 style=\"text-align: center;\"><span style=\"color: #ff0000;\"><strong>En el proximo video veremos algunas de sus obras expuestas y un articulo de periodico<br \/><\/strong><\/span><\/h1>\n<p>[\/et_pb_text][\/et_pb_column][\/et_pb_row][et_pb_row custom_margin=\u00bb-1px|auto||auto||\u00bb _builder_version=\u00bb3.22.7&#8243;][et_pb_column type=\u00bb1_2&#8243; _builder_version=\u00bb3.0.47&#8243;][et_pb_video src=\u00bbhttps:\/\/www.tortonda.es\/wp-content\/uploads\/181013escultor-0_21q81fs9.mp4&#8243; _builder_version=\u00bb3.22.7&#8243; custom_margin=\u00bb30px|||||\u00bb custom_padding=\u00bb0px|||||\u00bb z_index_tablet=\u00bb500&#8243;]<br \/>\n[\/et_pb_video][\/et_pb_column][et_pb_column type=\u00bb1_2&#8243; _builder_version=\u00bb3.0.47&#8243;][et_pb_gallery gallery_ids=\u00bb833&#8243; fullwidth=\u00bbon\u00bb _builder_version=\u00bb3.22.7&#8243; z_index_tablet=\u00bb500&#8243; min_height=\u00bb350px\u00bb][\/et_pb_gallery][\/et_pb_column][\/et_pb_row][\/et_pb_section]<\/p>\n","protected":false},"excerpt":{"rendered":"<p>\u00a0 \u00abBENITO MAIN CABANILLAS\u00bb El oficio de herrero es uno de esos que ya casi no quedan. El avance de la tecnolog\u00eda lo ha relegado a un lugar secundario, casi de entretenimiento. Pero todav\u00eda hay artistas, genios de la forja, con aut\u00e9nticas obras maestras. Ese es Benito Ma\u00edn\u00a0 Cabanillas de Tortonda, una pedan\u00eda de Alcolea [&hellip;]<\/p>\n","protected":false},"author":1,"featured_media":0,"parent":0,"menu_order":0,"comment_status":"closed","ping_status":"closed","template":"","meta":{"_et_pb_use_builder":"on","_et_pb_old_content":"","_et_gb_content_width":"","footnotes":""},"class_list":["post-604","page","type-page","status-publish","hentry"],"_links":{"self":[{"href":"https:\/\/www.tortonda.es\/index.php?rest_route=\/wp\/v2\/pages\/604","targetHints":{"allow":["GET"]}}],"collection":[{"href":"https:\/\/www.tortonda.es\/index.php?rest_route=\/wp\/v2\/pages"}],"about":[{"href":"https:\/\/www.tortonda.es\/index.php?rest_route=\/wp\/v2\/types\/page"}],"author":[{"embeddable":true,"href":"https:\/\/www.tortonda.es\/index.php?rest_route=\/wp\/v2\/users\/1"}],"replies":[{"embeddable":true,"href":"https:\/\/www.tortonda.es\/index.php?rest_route=%2Fwp%2Fv2%2Fcomments&post=604"}],"version-history":[{"count":21,"href":"https:\/\/www.tortonda.es\/index.php?rest_route=\/wp\/v2\/pages\/604\/revisions"}],"predecessor-version":[{"id":838,"href":"https:\/\/www.tortonda.es\/index.php?rest_route=\/wp\/v2\/pages\/604\/revisions\/838"}],"wp:attachment":[{"href":"https:\/\/www.tortonda.es\/index.php?rest_route=%2Fwp%2Fv2%2Fmedia&parent=604"}],"curies":[{"name":"wp","href":"https:\/\/api.w.org\/{rel}","templated":true}]}}